{"id":1290821,"date":"2021-10-07T19:40:25","date_gmt":"2021-10-08T01:40:25","guid":{"rendered":"https:\/\/www.dilabsa.com\/es\/producto\/parafilm\/"},"modified":"2026-03-31T16:44:49","modified_gmt":"2026-03-31T22:44:49","slug":"parafilm","status":"publish","type":"product","link":"http:\/\/www.dilabsa.com\/es\/producto\/parafilm\/","title":{"rendered":"Parafilm"},"content":{"rendered":"<h1>Especificaciones<\/h1>\n<ul>\n<li><strong>Dimensiones<\/strong>: 4 pulgadas x 125 pies (10.16cm x 38m)<\/li>\n<li><strong>Presentaci\u00f3n<\/strong>: Unidad<\/li>\n<\/ul>\n","protected":false},"excerpt":{"rendered":"<p>Pel\u00edcula termopl\u00e1stica flexible, trasl\u00facida y resistente a la humedad que se usa como recubrimiento para protecci\u00f3n de equipo, instrumentos, muestras y superficies irregulares.<\/p>\n","protected":false},"featured_media":1291044,"template":"","meta":{"inline_featured_image":false},"product_cat":[341],"product_tag":[343,367],"class_list":{"0":"post-1290821","1":"product","2":"type-product","3":"status-publish","4":"has-post-thumbnail","6":"product_cat-esenciales","7":"product_tag-amcor","8":"product_tag-parafilm","10":"first","11":"instock","12":"shipping-taxable","13":"purchasable","14":"product-type-simple"},"_links":{"self":[{"href":"http:\/\/www.dilabsa.com\/es\/wp-json\/wp\/v2\/product\/1290821","targetHints":{"allow":["GET"]}}],"collection":[{"href":"http:\/\/www.dilabsa.com\/es\/wp-json\/wp\/v2\/product"}],"about":[{"href":"http:\/\/www.dilabsa.com\/es\/wp-json\/wp\/v2\/types\/product"}],"wp:featuredmedia":[{"embeddable":true,"href":"http:\/\/www.dilabsa.com\/es\/wp-json\/wp\/v2\/media\/1291044"}],"wp:attachment":[{"href":"http:\/\/www.dilabsa.com\/es\/wp-json\/wp\/v2\/media?parent=1290821"}],"wp:term":[{"taxonomy":"product_cat","embeddable":true,"href":"http:\/\/www.dilabsa.com\/es\/wp-json\/wp\/v2\/product_cat?post=1290821"},{"taxonomy":"product_tag","embeddable":true,"href":"http:\/\/www.dilabsa.com\/es\/wp-json\/wp\/v2\/product_tag?post=1290821"}],"curies":[{"name":"wp","href":"https:\/\/api.w.org\/{rel}","templated":true}]}}