{"id":1291209,"date":"2023-07-18T15:52:38","date_gmt":"2023-07-18T21:52:38","guid":{"rendered":"https:\/\/www.dilabsa.com\/es\/?post_type=product&#038;p=1291209"},"modified":"2023-11-03T16:46:31","modified_gmt":"2023-11-03T22:46:31","slug":"almohadillas-de-reactivo-de-aluminio-en-polvo-aluver-3","status":"publish","type":"product","link":"http:\/\/www.dilabsa.com\/es\/producto\/almohadillas-de-reactivo-de-aluminio-en-polvo-aluver-3\/","title":{"rendered":"Almohadillas de Reactivo de Aluminio AluVer 3 en Polvo"},"content":{"rendered":"<h1><strong>Especificaciones<\/strong><\/h1>\n<ul>\n<li><strong>N\u00famero de M\u00e9todo<\/strong>: 8012<\/li>\n<li><strong>M\u00e9todo<\/strong>: Alumin\u00f3n<\/li>\n<li><strong>Rango<\/strong>: 0.008 &#8211; 0.800 mg\/L Al<\/li>\n<li><strong>N\u00famero de Pruebas<\/strong>: 100<\/li>\n<li><strong>Par\u00e1metro<\/strong>: Aluminio<\/li>\n<li><strong>Plataforma<\/strong>: Almohadillas de Reactivo<\/li>\n<li><strong>Presentaci\u00f3n<\/strong>: Paquete de 100<\/li>\n<\/ul>\n<p>&nbsp;<\/p>\n<p>&nbsp;<\/p>\n","protected":false},"excerpt":{"rendered":"<p>Reactivo para determinar:<\/p>\n<ul>\n<li>Aluminio por el m\u00e9todo Alumin\u00f3n (m\u00e9todo Hach 8012) | Kit <a href=\"https:\/\/www.dilabsa.com\/es\/producto\/kit-de-reactivos-de-aluminio-aluminon\/\">HAC-2242000<\/a>.<\/li>\n<\/ul>\n","protected":false},"featured_media":1291397,"template":"","meta":{"inline_featured_image":false},"product_cat":[317],"product_tag":[357,349],"class_list":{"0":"post-1291209","1":"product","2":"type-product","3":"status-publish","4":"has-post-thumbnail","6":"product_cat-agua","7":"product_tag-aluminio","8":"product_tag-hach","10":"first","11":"instock","12":"shipping-taxable","13":"purchasable","14":"product-type-simple"},"_links":{"self":[{"href":"http:\/\/www.dilabsa.com\/es\/wp-json\/wp\/v2\/product\/1291209","targetHints":{"allow":["GET"]}}],"collection":[{"href":"http:\/\/www.dilabsa.com\/es\/wp-json\/wp\/v2\/product"}],"about":[{"href":"http:\/\/www.dilabsa.com\/es\/wp-json\/wp\/v2\/types\/product"}],"wp:featuredmedia":[{"embeddable":true,"href":"http:\/\/www.dilabsa.com\/es\/wp-json\/wp\/v2\/media\/1291397"}],"wp:attachment":[{"href":"http:\/\/www.dilabsa.com\/es\/wp-json\/wp\/v2\/media?parent=1291209"}],"wp:term":[{"taxonomy":"product_cat","embeddable":true,"href":"http:\/\/www.dilabsa.com\/es\/wp-json\/wp\/v2\/product_cat?post=1291209"},{"taxonomy":"product_tag","embeddable":true,"href":"http:\/\/www.dilabsa.com\/es\/wp-json\/wp\/v2\/product_tag?post=1291209"}],"curies":[{"name":"wp","href":"https:\/\/api.w.org\/{rel}","templated":true}]}}