{"id":1292808,"date":"2026-04-16T22:01:57","date_gmt":"2026-04-17T04:01:57","guid":{"rendered":"https:\/\/www.dilabsa.com\/es\/?post_type=product&#038;p=1292808"},"modified":"2026-04-16T22:03:59","modified_gmt":"2026-04-17T04:03:59","slug":"solucion-buffer-ph-10-01-en-sobres-caja-20-hach","status":"publish","type":"product","link":"http:\/\/www.dilabsa.com\/es\/producto\/solucion-buffer-ph-10-01-en-sobres-caja-20-hach\/","title":{"rendered":"Soluci\u00f3n buffer pH 10.01 en sobres (caja 20) Hach"},"content":{"rendered":"<h1>Soluci\u00f3n buffer pH 10.01 en sobres (caja 20) Hach<\/h1>\n<p>Soluci\u00f3n buffer pH 10.01 en presentaci\u00f3n de sobres individuales, ideal para calibraci\u00f3n de medidores de pH.<br data-start=\"3270\" data-end=\"3273\" \/>Cada sobre garantiza frescura y exactitud, evitando contaminaci\u00f3n cruzada y errores de medici\u00f3n.<\/p>\n<p><img fetchpriority=\"high\" decoding=\"async\" class=\"alignnone size-full wp-image-1292809\" src=\"http:\/\/www.dilabsa.com\/es\/wp-content\/uploads\/2026\/04\/HAC-2770220-1-asset-get.product.image-es.png\" alt=\"\" width=\"578\" height=\"578\" srcset=\"http:\/\/www.dilabsa.com\/es\/wp-content\/uploads\/2026\/04\/HAC-2770220-1-asset-get.product.image-es.png 578w, http:\/\/www.dilabsa.com\/es\/wp-content\/uploads\/2026\/04\/HAC-2770220-1-asset-get.product.image-es-300x300.png 300w, http:\/\/www.dilabsa.com\/es\/wp-content\/uploads\/2026\/04\/HAC-2770220-1-asset-get.product.image-es-150x150.png 150w, http:\/\/www.dilabsa.com\/es\/wp-content\/uploads\/2026\/04\/HAC-2770220-1-asset-get.product.image-es-450x450.png 450w, http:\/\/www.dilabsa.com\/es\/wp-content\/uploads\/2026\/04\/HAC-2770220-1-asset-get.product.image-es-100x100.png 100w, http:\/\/www.dilabsa.com\/es\/wp-content\/uploads\/2026\/04\/HAC-2770220-1-asset-get.product.image-es-50x50.png 50w, http:\/\/www.dilabsa.com\/es\/wp-content\/uploads\/2026\/04\/HAC-2770220-1-asset-get.product.image-es-460x460.png 460w\" sizes=\"(max-width: 578px) 100vw, 578px\" \/> <img decoding=\"async\" class=\"alignnone size-full wp-image-1292810\" src=\"http:\/\/www.dilabsa.com\/es\/wp-content\/uploads\/2026\/04\/HAC-2770220-asset-get.product.image-es.png\" alt=\"\" width=\"578\" height=\"578\" srcset=\"http:\/\/www.dilabsa.com\/es\/wp-content\/uploads\/2026\/04\/HAC-2770220-asset-get.product.image-es.png 578w, http:\/\/www.dilabsa.com\/es\/wp-content\/uploads\/2026\/04\/HAC-2770220-asset-get.product.image-es-300x300.png 300w, http:\/\/www.dilabsa.com\/es\/wp-content\/uploads\/2026\/04\/HAC-2770220-asset-get.product.image-es-150x150.png 150w, http:\/\/www.dilabsa.com\/es\/wp-content\/uploads\/2026\/04\/HAC-2770220-asset-get.product.image-es-450x450.png 450w, http:\/\/www.dilabsa.com\/es\/wp-content\/uploads\/2026\/04\/HAC-2770220-asset-get.product.image-es-100x100.png 100w, http:\/\/www.dilabsa.com\/es\/wp-content\/uploads\/2026\/04\/HAC-2770220-asset-get.product.image-es-50x50.png 50w, http:\/\/www.dilabsa.com\/es\/wp-content\/uploads\/2026\/04\/HAC-2770220-asset-get.product.image-es-460x460.png 460w\" sizes=\"(max-width: 578px) 100vw, 578px\" \/><\/p>\n","protected":false},"excerpt":{"rendered":"<p>Buffer pH 10.01 en sobres individuales para calibraci\u00f3n precisa de equipos.<\/p>\n","protected":false},"featured_media":1292810,"template":"","meta":{"inline_featured_image":false},"product_cat":[317,341],"product_tag":[461],"class_list":{"0":"post-1292808","1":"product","2":"type-product","3":"status-publish","4":"has-post-thumbnail","6":"product_brand-hach","7":"product_cat-agua","8":"product_cat-esenciales","9":"product_tag-ph","11":"first","12":"instock","13":"shipping-taxable","14":"purchasable","15":"product-type-simple"},"_links":{"self":[{"href":"http:\/\/www.dilabsa.com\/es\/wp-json\/wp\/v2\/product\/1292808","targetHints":{"allow":["GET"]}}],"collection":[{"href":"http:\/\/www.dilabsa.com\/es\/wp-json\/wp\/v2\/product"}],"about":[{"href":"http:\/\/www.dilabsa.com\/es\/wp-json\/wp\/v2\/types\/product"}],"wp:featuredmedia":[{"embeddable":true,"href":"http:\/\/www.dilabsa.com\/es\/wp-json\/wp\/v2\/media\/1292810"}],"wp:attachment":[{"href":"http:\/\/www.dilabsa.com\/es\/wp-json\/wp\/v2\/media?parent=1292808"}],"wp:term":[{"taxonomy":"product_cat","embeddable":true,"href":"http:\/\/www.dilabsa.com\/es\/wp-json\/wp\/v2\/product_cat?post=1292808"},{"taxonomy":"product_tag","embeddable":true,"href":"http:\/\/www.dilabsa.com\/es\/wp-json\/wp\/v2\/product_tag?post=1292808"}],"curies":[{"name":"wp","href":"https:\/\/api.w.org\/{rel}","templated":true}]}}