{"id":1292812,"date":"2026-04-16T22:11:16","date_gmt":"2026-04-17T04:11:16","guid":{"rendered":"https:\/\/www.dilabsa.com\/es\/?post_type=product&#038;p=1292812"},"modified":"2026-04-16T22:13:49","modified_gmt":"2026-04-17T04:13:49","slug":"solucion-buffer-ph-4-01-en-sobres-caja-20-hach","status":"publish","type":"product","link":"http:\/\/www.dilabsa.com\/es\/producto\/solucion-buffer-ph-4-01-en-sobres-caja-20-hach\/","title":{"rendered":"Soluci\u00f3n buffer pH 4.01 en sobres (caja 20) Hach"},"content":{"rendered":"<h1 data-start=\"3138\" data-end=\"3369\">Soluci\u00f3n buffer pH 4.01 en sobres (caja 20) Hach<\/h1>\n<p data-start=\"3138\" data-end=\"3369\">Soluci\u00f3n buffer pH 4.01en presentaci\u00f3n de sobres individuales, ideal para calibraci\u00f3n de medidores de pH.<br data-start=\"3270\" data-end=\"3273\" \/>Cada sobre garantiza frescura y exactitud, evitando contaminaci\u00f3n cruzada y errores de medici\u00f3n.<\/p>\n<p data-start=\"3138\" data-end=\"3369\"><img fetchpriority=\"high\" decoding=\"async\" class=\"alignnone size-full wp-image-1292814\" src=\"http:\/\/www.dilabsa.com\/es\/wp-content\/uploads\/2026\/04\/HAC-2770020-asset-get.product.image-es.png\" alt=\"\" width=\"578\" height=\"578\" srcset=\"http:\/\/www.dilabsa.com\/es\/wp-content\/uploads\/2026\/04\/HAC-2770020-asset-get.product.image-es.png 578w, http:\/\/www.dilabsa.com\/es\/wp-content\/uploads\/2026\/04\/HAC-2770020-asset-get.product.image-es-300x300.png 300w, http:\/\/www.dilabsa.com\/es\/wp-content\/uploads\/2026\/04\/HAC-2770020-asset-get.product.image-es-150x150.png 150w, http:\/\/www.dilabsa.com\/es\/wp-content\/uploads\/2026\/04\/HAC-2770020-asset-get.product.image-es-450x450.png 450w, http:\/\/www.dilabsa.com\/es\/wp-content\/uploads\/2026\/04\/HAC-2770020-asset-get.product.image-es-100x100.png 100w, http:\/\/www.dilabsa.com\/es\/wp-content\/uploads\/2026\/04\/HAC-2770020-asset-get.product.image-es-50x50.png 50w, http:\/\/www.dilabsa.com\/es\/wp-content\/uploads\/2026\/04\/HAC-2770020-asset-get.product.image-es-460x460.png 460w\" sizes=\"(max-width: 578px) 100vw, 578px\" \/> <img decoding=\"async\" class=\"alignnone size-full wp-image-1292813\" src=\"http:\/\/www.dilabsa.com\/es\/wp-content\/uploads\/2026\/04\/HAC-2770020-1-asset-get.product.image-es.png\" alt=\"\" width=\"578\" height=\"578\" srcset=\"http:\/\/www.dilabsa.com\/es\/wp-content\/uploads\/2026\/04\/HAC-2770020-1-asset-get.product.image-es.png 578w, http:\/\/www.dilabsa.com\/es\/wp-content\/uploads\/2026\/04\/HAC-2770020-1-asset-get.product.image-es-300x300.png 300w, http:\/\/www.dilabsa.com\/es\/wp-content\/uploads\/2026\/04\/HAC-2770020-1-asset-get.product.image-es-150x150.png 150w, http:\/\/www.dilabsa.com\/es\/wp-content\/uploads\/2026\/04\/HAC-2770020-1-asset-get.product.image-es-450x450.png 450w, http:\/\/www.dilabsa.com\/es\/wp-content\/uploads\/2026\/04\/HAC-2770020-1-asset-get.product.image-es-100x100.png 100w, http:\/\/www.dilabsa.com\/es\/wp-content\/uploads\/2026\/04\/HAC-2770020-1-asset-get.product.image-es-50x50.png 50w, http:\/\/www.dilabsa.com\/es\/wp-content\/uploads\/2026\/04\/HAC-2770020-1-asset-get.product.image-es-460x460.png 460w\" sizes=\"(max-width: 578px) 100vw, 578px\" \/><\/p>\n<figure id=\"attachment_1292814\" aria-describedby=\"caption-attachment-1292814\" style=\"width: 578px\" class=\"wp-caption alignnone\"><img decoding=\"async\" class=\"size-full wp-image-1292814\" src=\"http:\/\/www.dilabsa.com\/es\/wp-content\/uploads\/2026\/04\/HAC-2770020-asset-get.product.image-es.png\" alt=\"Soluci\u00f3n buffer pH 4.01 en sobres (caja 20) Hach\" width=\"578\" height=\"578\" srcset=\"http:\/\/www.dilabsa.com\/es\/wp-content\/uploads\/2026\/04\/HAC-2770020-asset-get.product.image-es.png 578w, http:\/\/www.dilabsa.com\/es\/wp-content\/uploads\/2026\/04\/HAC-2770020-asset-get.product.image-es-300x300.png 300w, http:\/\/www.dilabsa.com\/es\/wp-content\/uploads\/2026\/04\/HAC-2770020-asset-get.product.image-es-150x150.png 150w, http:\/\/www.dilabsa.com\/es\/wp-content\/uploads\/2026\/04\/HAC-2770020-asset-get.product.image-es-450x450.png 450w, http:\/\/www.dilabsa.com\/es\/wp-content\/uploads\/2026\/04\/HAC-2770020-asset-get.product.image-es-100x100.png 100w, http:\/\/www.dilabsa.com\/es\/wp-content\/uploads\/2026\/04\/HAC-2770020-asset-get.product.image-es-50x50.png 50w, http:\/\/www.dilabsa.com\/es\/wp-content\/uploads\/2026\/04\/HAC-2770020-asset-get.product.image-es-460x460.png 460w\" sizes=\"(max-width: 578px) 100vw, 578px\" \/><figcaption id=\"caption-attachment-1292814\" class=\"wp-caption-text\">Soluci\u00f3n buffer pH 4.01 en sobres (caja 20) Hach<\/figcaption><\/figure>\n","protected":false},"excerpt":{"rendered":"<p>Buffer pH 4.01 en sobres individuales para calibraci\u00f3n precisa de equipos.<\/p>\n","protected":false},"featured_media":1292814,"template":"","meta":{"inline_featured_image":false},"product_cat":[317,341],"product_tag":[],"class_list":{"0":"post-1292812","1":"product","2":"type-product","3":"status-publish","4":"has-post-thumbnail","6":"product_brand-hach","7":"product_cat-agua","8":"product_cat-esenciales","10":"first","11":"instock","12":"shipping-taxable","13":"purchasable","14":"product-type-simple"},"_links":{"self":[{"href":"http:\/\/www.dilabsa.com\/es\/wp-json\/wp\/v2\/product\/1292812","targetHints":{"allow":["GET"]}}],"collection":[{"href":"http:\/\/www.dilabsa.com\/es\/wp-json\/wp\/v2\/product"}],"about":[{"href":"http:\/\/www.dilabsa.com\/es\/wp-json\/wp\/v2\/types\/product"}],"wp:featuredmedia":[{"embeddable":true,"href":"http:\/\/www.dilabsa.com\/es\/wp-json\/wp\/v2\/media\/1292814"}],"wp:attachment":[{"href":"http:\/\/www.dilabsa.com\/es\/wp-json\/wp\/v2\/media?parent=1292812"}],"wp:term":[{"taxonomy":"product_cat","embeddable":true,"href":"http:\/\/www.dilabsa.com\/es\/wp-json\/wp\/v2\/product_cat?post=1292812"},{"taxonomy":"product_tag","embeddable":true,"href":"http:\/\/www.dilabsa.com\/es\/wp-json\/wp\/v2\/product_tag?post=1292812"}],"curies":[{"name":"wp","href":"https:\/\/api.w.org\/{rel}","templated":true}]}}