{"id":1292832,"date":"2026-04-16T22:53:55","date_gmt":"2026-04-17T04:53:55","guid":{"rendered":"https:\/\/www.dilabsa.com\/es\/?post_type=product&#038;p=1292832"},"modified":"2026-04-16T22:54:45","modified_gmt":"2026-04-17T04:54:45","slug":"tiras-de-prueba-de-cloro-0-200-mg-l-50-tests-lamotte","status":"publish","type":"product","link":"http:\/\/www.dilabsa.com\/es\/producto\/tiras-de-prueba-de-cloro-0-200-mg-l-50-tests-lamotte\/","title":{"rendered":"Tiras de prueba de cloro 0\u2013200 mg\/L (50 tests) LaMotte"},"content":{"rendered":"<h1>Tiras de prueba de cloro 0\u2013200 mg\/L (50 tests) LaMotte<\/h1>\n<div class=\"Y3BBE\" data-sfc-cp=\"\" data-sfc-root=\"c\" data-sfc-cb=\"\" data-hveid=\"CAIQAA\" data-complete=\"true\" data-processed=\"true\"><strong class=\"Yjhzub\" data-sfc-root=\"c\" data-sfc-cb=\"\" data-complete=\"true\" data-processed=\"true\">Para pruebas de cloro,-<\/strong><\/div>\n<ul class=\"KsbFXc U6u95\" data-sfc-root=\"c\" data-sfc-cb=\"\" data-complete=\"true\" data-processed=\"true\">\n<li class=\"dF3vjf\" data-sfc-root=\"c\" data-sfc-cb=\"\" data-hveid=\"CAMQAA\" data-complete=\"true\" data-sae=\"\"><span class=\"T286Pc\" data-sfc-cp=\"\" data-sfc-root=\"c\" data-sfc-cb=\"\" data-complete=\"true\">Mida cloro de 10 a 200 ppm<\/span><\/li>\n<li class=\"dF3vjf\" data-sfc-root=\"c\" data-sfc-cb=\"\" data-hveid=\"CAMQAQ\" data-complete=\"true\" data-sae=\"\"><span class=\"T286Pc\" data-sfc-cp=\"\" data-sfc-root=\"c\" data-sfc-cb=\"\" data-complete=\"true\">Las tiras de papel tratadas qu\u00edmicamente producen cambios de color en tan solo 5 segundos.<\/span><\/li>\n<li class=\"dF3vjf\" data-sfc-root=\"c\" data-sfc-cb=\"\" data-hveid=\"CAMQAg\" data-complete=\"true\" data-sae=\"\"><span class=\"T286Pc\" data-sfc-cp=\"\" data-sfc-root=\"c\" data-sfc-cb=\"\" data-complete=\"true\">Simplemente sumerja la tira en la muestra.<\/span><\/li>\n<li class=\"dF3vjf\" data-sfc-root=\"c\" data-sfc-cb=\"\" data-hveid=\"CAMQAw\" data-complete=\"true\" data-sae=\"\"><span class=\"T286Pc\" data-sfc-cp=\"\" data-sfc-root=\"c\" data-sfc-cb=\"\" data-complete=\"true\">Compare el color de la tira con la tabla de colores ubicada en el frasco de pl\u00e1stico.<\/span><\/li>\n<li class=\"dF3vjf\" data-sfc-root=\"c\" data-sfc-cb=\"\" data-hveid=\"CAMQBA\" data-complete=\"true\" data-sae=\"\"><span class=\"T286Pc\" data-sfc-cp=\"\" data-sfc-root=\"c\" data-sfc-cb=\"\" data-complete=\"true\">Los frascos de pl\u00e1stico impermeables est\u00e1n etiquetados con las instrucciones de prueba.<\/span><\/li>\n<li class=\"dF3vjf\" data-sfc-root=\"c\" data-sfc-cb=\"\" data-hveid=\"CAMQBQ\" data-complete=\"true\" data-sae=\"\"><span class=\"T286Pc\" data-sfc-cp=\"\" data-sfc-root=\"c\" data-sfc-cb=\"\" data-complete=\"true\">Tapa con desecante integrada.<\/span><\/li>\n<li class=\"dF3vjf\" data-sfc-root=\"c\" data-sfc-cb=\"\" data-hveid=\"CAMQBg\" data-complete=\"true\" data-sae=\"\"><span class=\"T286Pc\" data-sfc-cp=\"\" data-sfc-root=\"c\" data-sfc-cb=\"\" data-complete=\"true\">Pruebe agua potable, agua industrial para calderas y enfriamiento, agua de lavander\u00eda\/saneamiento y aguas residuales.<\/span><span class=\"uJ19be notranslate\" data-sfc-root=\"c\" data-wiz-uids=\"DyMKib_14,DyMKib_15\" data-sfc-cb=\"\" data-complete=\"true\"><span class=\"vKEkVd\" data-animation-atomic=\"\" data-wiz-attrbind=\"class=DyMKib_13\/TKHnVd\" data-sae=\"\"><span aria-hidden=\"true\" aria-owns=\"action-menu-parent-container\">\u00a0<\/span><\/span><\/span><\/li>\n<\/ul>\n<figure id=\"attachment_1292835\" aria-describedby=\"caption-attachment-1292835\" style=\"width: 500px\" class=\"wp-caption alignnone\"><img fetchpriority=\"high\" decoding=\"async\" class=\"size-full wp-image-1292835\" src=\"http:\/\/www.dilabsa.com\/es\/wp-content\/uploads\/2026\/04\/FIS-S72417-ihwx.78433707-0982-42ad-b02c-ac92ebcbadf3.500.500.jpg\" alt=\"Tiras de prueba de cloro 0\u2013200 mg\/L (50 tests) LaMotte\" width=\"500\" height=\"500\" srcset=\"http:\/\/www.dilabsa.com\/es\/wp-content\/uploads\/2026\/04\/FIS-S72417-ihwx.78433707-0982-42ad-b02c-ac92ebcbadf3.500.500.jpg 500w, http:\/\/www.dilabsa.com\/es\/wp-content\/uploads\/2026\/04\/FIS-S72417-ihwx.78433707-0982-42ad-b02c-ac92ebcbadf3.500.500-300x300.jpg 300w, http:\/\/www.dilabsa.com\/es\/wp-content\/uploads\/2026\/04\/FIS-S72417-ihwx.78433707-0982-42ad-b02c-ac92ebcbadf3.500.500-150x150.jpg 150w, http:\/\/www.dilabsa.com\/es\/wp-content\/uploads\/2026\/04\/FIS-S72417-ihwx.78433707-0982-42ad-b02c-ac92ebcbadf3.500.500-450x450.jpg 450w, http:\/\/www.dilabsa.com\/es\/wp-content\/uploads\/2026\/04\/FIS-S72417-ihwx.78433707-0982-42ad-b02c-ac92ebcbadf3.500.500-100x100.jpg 100w, http:\/\/www.dilabsa.com\/es\/wp-content\/uploads\/2026\/04\/FIS-S72417-ihwx.78433707-0982-42ad-b02c-ac92ebcbadf3.500.500-50x50.jpg 50w, http:\/\/www.dilabsa.com\/es\/wp-content\/uploads\/2026\/04\/FIS-S72417-ihwx.78433707-0982-42ad-b02c-ac92ebcbadf3.500.500-460x460.jpg 460w\" sizes=\"(max-width: 500px) 100vw, 500px\" \/><figcaption id=\"caption-attachment-1292835\" class=\"wp-caption-text\">Tiras de prueba de cloro 0\u2013200 mg\/L (50 tests) LaMotte<\/figcaption><\/figure>\n","protected":false},"excerpt":{"rendered":"<p><strong class=\"Yjhzub\" data-sfc-root=\"c\" data-sfc-cb=\"\" data-complete=\"true\" data-processed=\"true\">Tiras Reactivas de Cloro: Medici\u00f3n Precisa de 10 a 200 ppm<\/strong><br data-sfc-root=\"c\" data-sfc-pl=\"|[]\" data-sfc-cb=\"\" data-complete=\"true\" data-processed=\"true\" \/>Optimiza el control de desinfecci\u00f3n con nuestras tiras de alta precisi\u00f3n. Ideales para an\u00e1lisis de agua potable, procesos industriales (calderas y enfriamiento), lavander\u00eda y saneamiento. Obt\u00e9n resultados confiables en solo 5 segundos con una lectura clara y sencilla.<\/p>\n","protected":false},"featured_media":1292833,"template":"","meta":{"inline_featured_image":false},"product_cat":[317,341],"product_tag":[],"class_list":{"0":"post-1292832","1":"product","2":"type-product","3":"status-publish","4":"has-post-thumbnail","6":"product_brand-lamotte","7":"product_cat-agua","8":"product_cat-esenciales","10":"first","11":"instock","12":"shipping-taxable","13":"purchasable","14":"product-type-simple"},"_links":{"self":[{"href":"http:\/\/www.dilabsa.com\/es\/wp-json\/wp\/v2\/product\/1292832","targetHints":{"allow":["GET"]}}],"collection":[{"href":"http:\/\/www.dilabsa.com\/es\/wp-json\/wp\/v2\/product"}],"about":[{"href":"http:\/\/www.dilabsa.com\/es\/wp-json\/wp\/v2\/types\/product"}],"wp:featuredmedia":[{"embeddable":true,"href":"http:\/\/www.dilabsa.com\/es\/wp-json\/wp\/v2\/media\/1292833"}],"wp:attachment":[{"href":"http:\/\/www.dilabsa.com\/es\/wp-json\/wp\/v2\/media?parent=1292832"}],"wp:term":[{"taxonomy":"product_cat","embeddable":true,"href":"http:\/\/www.dilabsa.com\/es\/wp-json\/wp\/v2\/product_cat?post=1292832"},{"taxonomy":"product_tag","embeddable":true,"href":"http:\/\/www.dilabsa.com\/es\/wp-json\/wp\/v2\/product_tag?post=1292832"}],"curies":[{"name":"wp","href":"https:\/\/api.w.org\/{rel}","templated":true}]}}