{"id":1290875,"date":"2021-10-07T19:40:27","date_gmt":"2021-10-08T01:40:27","guid":{"rendered":"https:\/\/www.dilabsa.com\/es\/producto\/kit-de-prueba-de-dureza-total-5-b\/"},"modified":"2026-04-16T22:45:35","modified_gmt":"2026-04-17T04:45:35","slug":"kit-de-prueba-de-dureza-total-5-b","status":"publish","type":"product","link":"https:\/\/www.dilabsa.com\/es\/producto\/kit-de-prueba-de-dureza-total-5-b\/","title":{"rendered":"Kit de Prueba de Dureza Total 5-B"},"content":{"rendered":"<h1>Kit de Prueba de Dureza Total 5-B<\/h1>\n<div class=\"Y3BBE\" data-sfc-cp=\"\" data-sfc-root=\"c\" data-sfc-cb=\"\" data-hveid=\"CAMQAA\" data-complete=\"true\" data-processed=\"true\">Este kit es un analizador econ\u00f3mico y port\u00e1til dise\u00f1ado para medir la dureza del agua (calcio y magnesio) mediante el m\u00e9todo de\u00a0<strong class=\"Yjhzub\" data-sfc-root=\"c\" data-sfc-cb=\"\" data-complete=\"true\" data-processed=\"true\">titulaci\u00f3n por conteo de gotas<\/strong>.<\/div>\n<div class=\"Fsg96\" data-sfc-cp=\"\" data-sfc-root=\"c\" data-sfc-cb=\"\" data-complete=\"true\" data-processed=\"true\"><\/div>\n<h3 class=\"otQkpb\" role=\"heading\" aria-level=\"3\" data-sfc-root=\"c\" data-complete=\"true\" data-processed=\"true\">Especificaciones Principales<\/h3>\n<ul>\n<li><span class=\"T286Pc\" data-sfc-cp=\"\" data-sfc-root=\"c\" data-sfc-cb=\"\" data-complete=\"true\"><strong class=\"Yjhzub\" data-sfc-root=\"c\" data-sfc-cb=\"\" data-complete=\"true\">Par\u00e1metro:<\/strong>\u00a0Dureza total como\u00a0<\/span><\/li>\n<\/ul>\n<div data-xpm-copy-root=\"\"><img decoding=\"async\" role=\"presentation\" draggable=\"false\" src=\"data:image\/gif;base64,R0lGODlhAQABAIAAAP\/\/\/wAAACH5BAEAAAAALAAAAAABAAEAAAICRAEAOw==\" aria-hidden=\"true\" data-xpm-latex=\"CaCO_{3}\" data-imglogged=\"true\" data-aatf=\"1\" \/><\/div>\n<ul>\n<li><span class=\"T286Pc\" data-sfc-cp=\"\" data-sfc-root=\"c\" data-sfc-cb=\"\" data-complete=\"true\">.<\/span><span class=\"T286Pc\" data-sfc-cp=\"\" data-sfc-root=\"c\" data-sfc-cb=\"\" data-complete=\"true\"><strong class=\"Yjhzub\" data-sfc-root=\"c\" data-sfc-cb=\"\" data-complete=\"true\">Rango de medici\u00f3n:<\/strong>\u00a01 a 30 gpg (granos por gal\u00f3n).<\/span><\/li>\n<\/ul>\n<ul class=\"KsbFXc U6u95\" data-sfc-root=\"c\" data-sfc-cb=\"\" data-complete=\"true\" data-processed=\"true\">\n<li class=\"dF3vjf\" data-sfc-root=\"c\" data-sfc-cb=\"\" data-hveid=\"CAUQAw\" data-complete=\"true\" data-sae=\"\"><span class=\"T286Pc\" data-sfc-cp=\"\" data-sfc-root=\"c\" data-sfc-cb=\"\" data-complete=\"true\"><strong class=\"Yjhzub\" data-sfc-root=\"c\" data-sfc-cb=\"\" data-complete=\"true\">Conversi\u00f3n:<\/strong>\u00a01 gpg equivale a 17.1 mg\/L.<\/span><\/li>\n<li class=\"dF3vjf\" data-sfc-root=\"c\" data-sfc-cb=\"\" data-hveid=\"CAUQBA\" data-complete=\"true\" data-sae=\"\"><span class=\"T286Pc\" data-sfc-cp=\"\" data-sfc-root=\"c\" data-sfc-cb=\"\" data-complete=\"true\"><strong class=\"Yjhzub\" data-sfc-root=\"c\" data-sfc-cb=\"\" data-complete=\"true\">N\u00famero de pruebas:<\/strong>\u00a0Aproximadamente 100 por kit.<\/span><\/li>\n<li class=\"dF3vjf\" data-sfc-root=\"c\" data-sfc-cb=\"\" data-hveid=\"CAUQBQ\" data-complete=\"true\" data-sae=\"\"><span class=\"T286Pc\" data-sfc-cp=\"\" data-sfc-root=\"c\" data-sfc-cb=\"\" data-complete=\"true\"><strong class=\"Yjhzub\" data-sfc-root=\"c\" data-sfc-cb=\"\" data-complete=\"true\">M\u00e9todo:<\/strong>\u00a0Titulaci\u00f3n con EDTA (polvo a granel).<\/span><span class=\"uJ19be notranslate\" data-sfc-root=\"c\" data-wiz-uids=\"eXCV3e_1l,eXCV3e_1m\" data-sfc-cb=\"\" data-complete=\"true\"><span class=\"vKEkVd\" data-animation-atomic=\"\" data-wiz-attrbind=\"class=eXCV3e_1k\/TKHnVd\" data-sae=\"\"><span aria-hidden=\"true\">\u00a0<\/span><button class=\"rBl3me IWyTpf pjvauc\" tabindex=\"0\" data-amic=\"true\" data-icl-uuid=\"703aef37-6e6e-4152-9cf3-96dfcbd76e81\" aria-label=\"Hach (m\u00e1s de 6) - Ver v\u00ednculos relacionados\" data-wiz-attrbind=\"disabled=eXCV3e_1k\/C5gNJc;aria-label=eXCV3e_1k\/bOjMyf;class=eXCV3e_1k\/UpSNec\" data-ved=\"2ahUKEwiBtLyriPSTAxU55MkDHQOoMIQQye0OegQIBRAG\" data-hveid=\"CAUQBg\"><\/button><\/span><\/span><\/li>\n<\/ul>\n<div class=\"Fsg96\" data-sfc-cp=\"\" data-sfc-root=\"c\" data-sfc-cb=\"\" data-complete=\"true\" data-processed=\"true\"><\/div>\n<h3 class=\"otQkpb\" role=\"heading\" aria-level=\"3\" data-sfc-root=\"c\" data-complete=\"true\" data-processed=\"true\">Contenido del Kit<\/h3>\n<div class=\"otQkpb\" role=\"heading\" aria-level=\"3\" data-animation-nesting=\"\" data-sfc-cp=\"\" data-sfc-root=\"c\" data-sfc-cb=\"\" data-complete=\"true\" data-processed=\"true\" data-sae=\"\">El paquete incluye los elementos necesarios para realizar las pruebas en campo o laboratorio:<\/div>\n<ul>\n<li class=\"otQkpb\" role=\"heading\" aria-level=\"3\" data-sfc-root=\"c\" data-complete=\"true\" data-processed=\"true\">Dos reactivos (t\u00edpicamente el reactivo indicador y la soluci\u00f3n titulante).<\/li>\n<\/ul>\n<ul class=\"KsbFXc U6u95\" data-sfc-root=\"c\" data-sfc-cb=\"\" data-complete=\"true\" data-processed=\"true\">\n<li class=\"dF3vjf\" data-sfc-root=\"c\" data-sfc-cb=\"\" data-hveid=\"CAgQAQ\" data-complete=\"true\" data-sae=\"\"><span class=\"T286Pc\" data-sfc-cp=\"\" data-sfc-root=\"c\" data-sfc-cb=\"\" data-complete=\"true\">Tubo de medici\u00f3n transparente.<\/span><\/li>\n<li class=\"dF3vjf\" data-sfc-root=\"c\" data-sfc-cb=\"\" data-hveid=\"CAgQAg\" data-complete=\"true\" data-sae=\"\"><span class=\"T286Pc\" data-sfc-cp=\"\" data-sfc-root=\"c\" data-sfc-cb=\"\" data-complete=\"true\">Botella cuadrada para la mezcla.<\/span><\/li>\n<li class=\"dF3vjf\" data-sfc-root=\"c\" data-sfc-cb=\"\" data-hveid=\"CAgQAw\" data-complete=\"true\" data-sae=\"\"><span class=\"T286Pc\" data-sfc-cp=\"\" data-sfc-root=\"c\" data-sfc-cb=\"\" data-complete=\"true\">Cuchara de medici\u00f3n para el reactivo en polvo.<\/span><span class=\"uJ19be notranslate\" data-sfc-root=\"c\" data-wiz-uids=\"eXCV3e_2h,eXCV3e_2i\" data-sfc-cb=\"\" data-complete=\"true\"><span class=\"vKEkVd\" data-animation-atomic=\"\" data-wiz-attrbind=\"class=eXCV3e_2g\/TKHnVd\" data-sae=\"\"><span aria-hidden=\"true\">\u00a0<\/span><button class=\"rBl3me\" tabindex=\"0\" data-amic=\"true\" data-icl-uuid=\"849d2c85-c2e7-4f0e-b5b8-a98365051744\" aria-label=\"Ver v\u00ednculos relacionados\" data-wiz-attrbind=\"disabled=eXCV3e_2g\/C5gNJc;aria-label=eXCV3e_2g\/bOjMyf;class=eXCV3e_2g\/UpSNec\" data-ved=\"2ahUKEwiBtLyriPSTAxU55MkDHQOoMIQQye0OegQICBAE\" data-hveid=\"CAgQBA\"><\/button><\/span><\/span><\/li>\n<\/ul>\n<div class=\"Y3BBE\" data-sfc-cp=\"\" data-sfc-root=\"c\" data-sfc-cb=\"\" data-hveid=\"CAkQAA\" data-complete=\"true\" data-processed=\"true\">Este modelo es ampliamente utilizado en entornos industriales y comerciales, como el tratamiento de agua, calderas, lavander\u00edas y la industria de alimentos y bebidas para verificar la eficiencia de los ablandadores de agua.<span class=\"uJ19be notranslate\" data-sfc-root=\"c\" data-wiz-uids=\"eXCV3e_2l,eXCV3e_2m\" data-sfc-cb=\"\" data-complete=\"true\" data-processed=\"true\"><span class=\"vKEkVd\" data-animation-atomic=\"\" data-wiz-attrbind=\"class=eXCV3e_2k\/TKHnVd\" data-sae=\"\"><span aria-hidden=\"true\" aria-owns=\"action-menu-parent-container\">\u00a0<\/span><\/span><\/span><\/div>\n<div data-sfc-cp=\"\" data-sfc-root=\"c\" data-sfc-cb=\"\" data-hveid=\"CAkQAA\" data-complete=\"true\" data-processed=\"true\"><\/div>\n<div data-sfc-cp=\"\" data-sfc-root=\"c\" data-sfc-cb=\"\" data-hveid=\"CAkQAA\" data-complete=\"true\" data-processed=\"true\">\n<figure id=\"attachment_1292831\" aria-describedby=\"caption-attachment-1292831\" style=\"width: 606px\" class=\"wp-caption alignnone\"><img fetchpriority=\"high\" decoding=\"async\" class=\"size-full wp-image-1292831\" src=\"http:\/\/www.dilabsa.com\/es\/wp-content\/uploads\/2021\/10\/HAC-145300Captura-de-pantalla-2026-04-16-224327.png\" alt=\"Kit de Prueba de Dureza Total 5-B\" width=\"606\" height=\"597\" srcset=\"https:\/\/www.dilabsa.com\/es\/wp-content\/uploads\/2021\/10\/HAC-145300Captura-de-pantalla-2026-04-16-224327.png 606w, https:\/\/www.dilabsa.com\/es\/wp-content\/uploads\/2021\/10\/HAC-145300Captura-de-pantalla-2026-04-16-224327-300x296.png 300w, https:\/\/www.dilabsa.com\/es\/wp-content\/uploads\/2021\/10\/HAC-145300Captura-de-pantalla-2026-04-16-224327-450x443.png 450w, https:\/\/www.dilabsa.com\/es\/wp-content\/uploads\/2021\/10\/HAC-145300Captura-de-pantalla-2026-04-16-224327-100x100.png 100w, https:\/\/www.dilabsa.com\/es\/wp-content\/uploads\/2021\/10\/HAC-145300Captura-de-pantalla-2026-04-16-224327-50x50.png 50w\" sizes=\"(max-width: 606px) 100vw, 606px\" \/><figcaption id=\"caption-attachment-1292831\" class=\"wp-caption-text\">Kit de Prueba de Dureza Total 5-B<\/figcaption><\/figure>\n<\/div>\n","protected":false},"excerpt":{"rendered":"<p>Kit de prueba de dureza total 5-B por medio de titulaci\u00f3n de conteo de gotas.<strong>Especificaciones: <\/strong> Rango gpg: 1-30<br \/>\nDuraci\u00f3n aproximada: 100 pruebas<strong>Presentaci\u00f3n: <\/strong> Unidad<\/p>\n","protected":false},"featured_media":1292831,"template":"","meta":{"inline_featured_image":false},"product_cat":[317],"product_tag":[349],"class_list":{"0":"post-1290875","1":"product","2":"type-product","3":"status-publish","4":"has-post-thumbnail","6":"product_brand-hach","7":"product_cat-agua","8":"product_tag-hach","10":"first","11":"instock","12":"shipping-taxable","13":"purchasable","14":"product-type-simple"},"_links":{"self":[{"href":"https:\/\/www.dilabsa.com\/es\/wp-json\/wp\/v2\/product\/1290875","targetHints":{"allow":["GET"]}}],"collection":[{"href":"https:\/\/www.dilabsa.com\/es\/wp-json\/wp\/v2\/product"}],"about":[{"href":"https:\/\/www.dilabsa.com\/es\/wp-json\/wp\/v2\/types\/product"}],"wp:featuredmedia":[{"embeddable":true,"href":"https:\/\/www.dilabsa.com\/es\/wp-json\/wp\/v2\/media\/1292831"}],"wp:attachment":[{"href":"https:\/\/www.dilabsa.com\/es\/wp-json\/wp\/v2\/media?parent=1290875"}],"wp:term":[{"taxonomy":"product_cat","embeddable":true,"href":"https:\/\/www.dilabsa.com\/es\/wp-json\/wp\/v2\/product_cat?post=1290875"},{"taxonomy":"product_tag","embeddable":true,"href":"https:\/\/www.dilabsa.com\/es\/wp-json\/wp\/v2\/product_tag?post=1290875"}],"curies":[{"name":"wp","href":"https:\/\/api.w.org\/{rel}","templated":true}]}}