{"id":1290896,"date":"2021-10-07T19:40:29","date_gmt":"2021-10-08T01:40:29","guid":{"rendered":"https:\/\/www.dilabsa.com\/es\/producto\/balanza-spx421-de-400g\/"},"modified":"2025-09-20T16:25:23","modified_gmt":"2025-09-20T22:25:23","slug":"balanza-scout-spx","status":"publish","type":"product","link":"https:\/\/www.dilabsa.com\/es\/producto\/balanza-scout-spx\/","title":{"rendered":"Balanza de Precisi\u00f3n Scout SPX"},"content":{"rendered":"<div class=\"description\">\n<h1>Descripci\u00f3n<\/h1>\n<p><span style=\"color: #282828;\">Las balanzas de precisi\u00f3n port\u00e1tiles proporcionan mediciones consistentemente precisas. Ideal para aplicaciones de laboratorio e industriales, la Scout de OHAUS viene con un dise\u00f1o delgado y apilable con una gran pantalla LCD con retroalimentaci\u00f3n. Dentro de sus caracter\u00edsticas tambi\u00e9n incluye una protecci\u00f3n de sobrecarga superior, unidades de pesaje m\u00faltiples y modos de aplicaci\u00f3n. Dise\u00f1adas para un desempe\u00f1o superior en planta con tiempo r\u00e1pido de estabilizaci\u00f3n y resultados de pesaje de alta resoluci\u00f3n, estas balanzas port\u00e1tiles establecen un nuevo est\u00e1ndar en el pesaje para laboratorio y pesaje industrial.<\/span><\/p>\n<\/div>\n<h1>Especificaciones<\/h1>\n<ul>\n<li><strong>Tama\u00f1o del Plato<\/strong>: 120 mm<\/li>\n<li><strong>Material del Plato<\/strong>: Acero Inoxidable<\/li>\n<li><strong>Lectura M\u00ednima<\/strong>: 0.1 g<\/li>\n<li><strong>Linealidad<\/strong>: +\/- 0.1 g<\/li>\n<li><strong>Alimentaci\u00f3n<\/strong>: CA (Incluido) o 4 Bater\u00edas AA (No Incluidas)<\/li>\n<li><strong>Duraci\u00f3n con Bater\u00edas<\/strong>: Hasta 120 Horas<\/li>\n<li><strong>Presentaci\u00f3n: <\/strong> Unidad<\/li>\n<\/ul>\n","protected":false},"excerpt":{"rendered":"<p>Balanza de precisi\u00f3n port\u00e1til y electr\u00f3nica con pantalla LCD retroalimentada.<\/p>\n","protected":false},"featured_media":1290897,"template":"","meta":{"inline_featured_image":false},"product_cat":[341],"product_tag":[351],"class_list":{"0":"post-1290896","1":"product","2":"type-product","3":"status-publish","4":"has-post-thumbnail","6":"product_cat-esenciales","7":"product_tag-ohaus","9":"first","10":"instock","11":"shipping-taxable","12":"product-type-variable"},"_links":{"self":[{"href":"https:\/\/www.dilabsa.com\/es\/wp-json\/wp\/v2\/product\/1290896","targetHints":{"allow":["GET"]}}],"collection":[{"href":"https:\/\/www.dilabsa.com\/es\/wp-json\/wp\/v2\/product"}],"about":[{"href":"https:\/\/www.dilabsa.com\/es\/wp-json\/wp\/v2\/types\/product"}],"wp:featuredmedia":[{"embeddable":true,"href":"https:\/\/www.dilabsa.com\/es\/wp-json\/wp\/v2\/media\/1290897"}],"wp:attachment":[{"href":"https:\/\/www.dilabsa.com\/es\/wp-json\/wp\/v2\/media?parent=1290896"}],"wp:term":[{"taxonomy":"product_cat","embeddable":true,"href":"https:\/\/www.dilabsa.com\/es\/wp-json\/wp\/v2\/product_cat?post=1290896"},{"taxonomy":"product_tag","embeddable":true,"href":"https:\/\/www.dilabsa.com\/es\/wp-json\/wp\/v2\/product_tag?post=1290896"}],"curies":[{"name":"wp","href":"https:\/\/api.w.org\/{rel}","templated":true}]}}