{"id":1291483,"date":"2023-10-12T12:51:49","date_gmt":"2023-10-12T18:51:49","guid":{"rendered":"https:\/\/www.dilabsa.com\/es\/?post_type=product&#038;p=1291483"},"modified":"2026-03-20T09:12:53","modified_gmt":"2026-03-20T15:12:53","slug":"micro-tubos-safe-lock","status":"publish","type":"product","link":"https:\/\/www.dilabsa.com\/es\/producto\/micro-tubos-safe-lock\/","title":{"rendered":"Microtubos Safe-Lock Grado PCR"},"content":{"rendered":"<h1>Informaci\u00f3n del Producto<\/h1>\n<p>Tenga la seguridad de que su muestra est\u00e1 en las mejores manos con los microtubos Safe-Lock. Con una excelente estabilidad a la centrifugaci\u00f3n y unas propiedades de sellado optimizadas, puede confiar en la extraordinaria protecci\u00f3n que ofrece la tapa articulada Safe-Lock, la cual es el resultado de 50 a\u00f1os de mejora y desarrollo continuos. Conf\u00ede en los Eppendorf Safe-Lock Tubes originales, porque sus muestras s\u00f3lo se merecen lo mejor.<\/p>\n<p>&nbsp;<\/p>\n<h2>Excelente cierre de la tapa con los microtubos Safe-Lock<\/h2>\n<h2 style=\"font-size: 23.04px;\"><img fetchpriority=\"high\" decoding=\"async\" class=\" wp-image-1291491 alignright\" src=\"https:\/\/www.dilabsa.com\/es\/wp-content\/uploads\/2023\/10\/EPEN-Micro-Tubos-Safe-Lock-Comparacion-Aperturas.png\" alt=\"EPEN Micro Tubos Safe-Lock Comparacion Aperturas\" width=\"330\" height=\"192\" \/><\/h2>\n<p>Reconocidos mundialmente por la inscripci\u00f3n \u00abep\u00bb en la tapa, los microtubos Safe-Lock ofrecen un excelente cierre de la tapa y una extraordinaria protecci\u00f3n de la muestra mediante una tapa articulada dise\u00f1ada para evitar la apertura accidental. Tanto si se trata de muestras valiosas como de tampones vol\u00e1tiles, el microtubo Safe-Lock permanece firmemente cerrado mientras que otros se abren de golpe comprometiendo la integridad de la muestra. Para conocer los detalles de un estudio comparativo, v\u00e9ase la Nota de Aplicaci\u00f3n 164.<\/p>\n<p>&nbsp;<\/p>\n<p>&nbsp;<\/p>\n<h2>Integridad de la muestra inigualable<\/h2>\n<p><img decoding=\"async\" class=\" wp-image-1291492 alignright\" src=\"https:\/\/www.dilabsa.com\/es\/wp-content\/uploads\/2023\/10\/EPEN-Micro-Tubos-Safe-Lock-Comparacion-Absorbancias.png\" alt=\"EPEN Micro Tubos Safe-Lock Comparacion Absorbancias\" width=\"344\" height=\"227\" srcset=\"https:\/\/www.dilabsa.com\/es\/wp-content\/uploads\/2023\/10\/EPEN-Micro-Tubos-Safe-Lock-Comparacion-Absorbancias.png 2259w, https:\/\/www.dilabsa.com\/es\/wp-content\/uploads\/2023\/10\/EPEN-Micro-Tubos-Safe-Lock-Comparacion-Absorbancias-450x297.png 450w, https:\/\/www.dilabsa.com\/es\/wp-content\/uploads\/2023\/10\/EPEN-Micro-Tubos-Safe-Lock-Comparacion-Absorbancias-800x529.png 800w, https:\/\/www.dilabsa.com\/es\/wp-content\/uploads\/2023\/10\/EPEN-Micro-Tubos-Safe-Lock-Comparacion-Absorbancias-300x198.png 300w, https:\/\/www.dilabsa.com\/es\/wp-content\/uploads\/2023\/10\/EPEN-Micro-Tubos-Safe-Lock-Comparacion-Absorbancias-1024x677.png 1024w, https:\/\/www.dilabsa.com\/es\/wp-content\/uploads\/2023\/10\/EPEN-Micro-Tubos-Safe-Lock-Comparacion-Absorbancias-768x508.png 768w, https:\/\/www.dilabsa.com\/es\/wp-content\/uploads\/2023\/10\/EPEN-Micro-Tubos-Safe-Lock-Comparacion-Absorbancias-1536x1015.png 1536w, https:\/\/www.dilabsa.com\/es\/wp-content\/uploads\/2023\/10\/EPEN-Micro-Tubos-Safe-Lock-Comparacion-Absorbancias-2048x1354.png 2048w, https:\/\/www.dilabsa.com\/es\/wp-content\/uploads\/2023\/10\/EPEN-Micro-Tubos-Safe-Lock-Comparacion-Absorbancias-600x397.png 600w\" sizes=\"(max-width: 344px) 100vw, 344px\" \/>No se preocupe m\u00e1s por las variaciones en los resultados debidas a la degradaci\u00f3n y la contaminaci\u00f3n de la muestra. Los microtubos Safe-Lock se fabrican sin utilizar agentes deslizantes, plastificantes ni biocidas para garantizar que se mantenga siempre la integridad de la muestra.<\/p>\n<p>&nbsp;<\/p>\n<p>&nbsp;<\/p>\n<h2>M\u00e1xima seguridad a altas velocidades gracias a la tapa Safe-Lock<\/h2>\n<h2><img decoding=\"async\" class=\"wp-image-1291493 alignright\" src=\"https:\/\/www.dilabsa.com\/es\/wp-content\/uploads\/2023\/10\/EPEN-Micro-Tubos-Safe-Lock-Hoja-Tecnica.png\" alt=\"EPEN Micro Tubos Safe-Lock Hoja T\u00e9cnica\" width=\"431\" height=\"94\" srcset=\"https:\/\/www.dilabsa.com\/es\/wp-content\/uploads\/2023\/10\/EPEN-Micro-Tubos-Safe-Lock-Hoja-Tecnica.png 1027w, https:\/\/www.dilabsa.com\/es\/wp-content\/uploads\/2023\/10\/EPEN-Micro-Tubos-Safe-Lock-Hoja-Tecnica-450x98.png 450w, https:\/\/www.dilabsa.com\/es\/wp-content\/uploads\/2023\/10\/EPEN-Micro-Tubos-Safe-Lock-Hoja-Tecnica-800x174.png 800w, https:\/\/www.dilabsa.com\/es\/wp-content\/uploads\/2023\/10\/EPEN-Micro-Tubos-Safe-Lock-Hoja-Tecnica-300x65.png 300w, https:\/\/www.dilabsa.com\/es\/wp-content\/uploads\/2023\/10\/EPEN-Micro-Tubos-Safe-Lock-Hoja-Tecnica-1024x223.png 1024w, https:\/\/www.dilabsa.com\/es\/wp-content\/uploads\/2023\/10\/EPEN-Micro-Tubos-Safe-Lock-Hoja-Tecnica-768x168.png 768w, https:\/\/www.dilabsa.com\/es\/wp-content\/uploads\/2023\/10\/EPEN-Micro-Tubos-Safe-Lock-Hoja-Tecnica-600x131.png 600w\" sizes=\"(max-width: 431px) 100vw, 431px\" \/><\/h2>\n<p>Dise\u00f1ados para soportar fuerzas de centrifugaci\u00f3n de hasta 30.000 x g, los microtubos Eppendorf Safe-Lock le permiten centrifugar de manera segura con fuerzas muy elevadas, manteniendo la integridad de la muestra y evitando la p\u00e9rdida de la misma.<\/p>\n<p>&nbsp;<\/p>\n<p>&nbsp;<\/p>\n<h1>Caracter\u00edsticas<\/h1>\n<ul>\n<li>La tapa articulada Eppendorf Safe-Lock evita una apertura accidental de la tapa durante la incubaci\u00f3n y el almacenamiento<\/li>\n<li>g-Safe\u00ae: Dependiendo de la variante de Safe-Lock Tube (ver manual), una estabilidad excepcional a la centrifugaci\u00f3n de hasta 30.000 \u00d7 g evita la p\u00e9rdida de muestras debido a la ruptura del tubo y proporciona seguridad adicional cuando se trabaja con muestras peligrosas<\/li>\n<li>Fabricadas sin agentes deslizantes ni plastificantes, sin biocidas y sin materiales que pueden tener un efecto negativo en los ensayos biol\u00f3gicos<\/li>\n<li>g-Safe\u00ae: La estabilidad excepcional a fuerzas de centrifugaci\u00f3n de hasta 25.000 \u00d7 g previene la p\u00e9rdida de muestras debido a roturas de tubos y proporciona una seguridad adicional al trabajar con muestras peligrosas<\/li>\n<li>Cierre de tapa preciso para tasas de evaporaci\u00f3n m\u00ednimas durante el almacenaje a largo plazo<\/li>\n<li>Tapa grande y lado exterior mate para una rotulaci\u00f3n m\u00e1s f\u00e1cil<\/li>\n<li>Funcionalidad garantizada de -86 \u00b0C a 100 \u00b0C<\/li>\n<li>Esterilizable en autoclave cuando est\u00e1 abierto (121 \u00b0C, 20 min.)<\/li>\n<li>Tambi\u00e9n est\u00e1n disponibles en Eppendorf Quality y en grados de pureza Biopur\u00ae y Forensic DNA Grade (grado forense) certificados por lote<\/li>\n<li>Tambi\u00e9n est\u00e1n disponibles en las versiones Eppendorf Protein LoBind o Eppendorf DNA LoBind, para una m\u00e1xima recuperaci\u00f3n de las muestras valiosas, y en \u00e1mbar, para muestras sensibles a la luz<\/li>\n<li>Grado de pureza PCR Clean, lo cual garantiza que est\u00e1n libres de ADN humano, ADNasas\/ARNasas y de inhibidores de PCR<\/li>\n<\/ul>\n","protected":false},"excerpt":{"rendered":"<p>\u00a1Diga adi\u00f3s a la p\u00e9rdida de muestras valiosas durante la centrifugaci\u00f3n, la incubaci\u00f3n y el almacenaje! Conf\u00ede en la excelente protecci\u00f3n que ofrece la tapa articulada Safe-Lock, la cual es el resultado de 50 a\u00f1os de mejora y desarrollo continuos. Conf\u00ede en los tubos originales Eppendorf Safe-Lock<sup>\u00ae<\/sup>, porque sus muestras se merecen solo lo mejor.<\/p>\n","protected":false},"featured_media":1291487,"template":"","meta":{"inline_featured_image":false},"product_cat":[342],"product_tag":[346,378,377],"class_list":{"0":"post-1291483","1":"product","2":"type-product","3":"status-publish","4":"has-post-thumbnail","6":"product_cat-biotec","7":"product_tag-eppendorf","8":"product_tag-microtubos","9":"product_tag-tubos","11":"first","12":"instock","13":"sold-individually","14":"shipping-taxable","15":"purchasable","16":"product-type-variable"},"_links":{"self":[{"href":"https:\/\/www.dilabsa.com\/es\/wp-json\/wp\/v2\/product\/1291483","targetHints":{"allow":["GET"]}}],"collection":[{"href":"https:\/\/www.dilabsa.com\/es\/wp-json\/wp\/v2\/product"}],"about":[{"href":"https:\/\/www.dilabsa.com\/es\/wp-json\/wp\/v2\/types\/product"}],"wp:featuredmedia":[{"embeddable":true,"href":"https:\/\/www.dilabsa.com\/es\/wp-json\/wp\/v2\/media\/1291487"}],"wp:attachment":[{"href":"https:\/\/www.dilabsa.com\/es\/wp-json\/wp\/v2\/media?parent=1291483"}],"wp:term":[{"taxonomy":"product_cat","embeddable":true,"href":"https:\/\/www.dilabsa.com\/es\/wp-json\/wp\/v2\/product_cat?post=1291483"},{"taxonomy":"product_tag","embeddable":true,"href":"https:\/\/www.dilabsa.com\/es\/wp-json\/wp\/v2\/product_tag?post=1291483"}],"curies":[{"name":"wp","href":"https:\/\/api.w.org\/{rel}","templated":true}]}}