{"id":1291506,"date":"2023-11-09T13:24:01","date_gmt":"2023-11-09T19:24:01","guid":{"rendered":"https:\/\/www.dilabsa.com\/es\/?post_type=product&#038;p=1291506"},"modified":"2023-11-17T16:22:12","modified_gmt":"2023-11-17T22:22:12","slug":"gotaq-polimerasa-de-activacion-en-caliente","status":"publish","type":"product","link":"https:\/\/www.dilabsa.com\/es\/producto\/gotaq-polimerasa-de-activacion-en-caliente\/","title":{"rendered":"GoTaq\u00ae Polimerasa de Activaci\u00f3n en Caliente"},"content":{"rendered":"<h1>PCR de Activaci\u00f3n en Caliente de Alto Desempe\u00f1o<\/h1>\n<p>La Polimerasa de Activaci\u00f3n en Caliente GoTaq\u00ae contiene Polimerasa de ADN GoTaq\u00ae de alto desempe\u00f1o unida a un anticuerpo patentado que bloquea la actividad de la polimerasa. La actividad de la polimerasa se restaura durante el paso de desnaturalizaci\u00f3n inicial, cuando las reacciones de amplificaci\u00f3n se calientan a 94\u201395 \u00b0C durante dos minutos. Esto permite la PCR de activaci\u00f3n en caliente, donde la actividad de la polimerasa se elimina o minimiza a temperaturas por debajo de 70 \u00b0C. La Polimerasa de Activaci\u00f3n en Caliente GoTaq\u00ae tambi\u00e9n presenta actividad exonucleasa 5\u00b4\u21923\u00b4. La enzima se suministra con un tubo de 25 mM de MgCl2 para optimizar la concentraci\u00f3n de magnesio en sus reacciones.<\/p>\n<p>La Polimerasa de Activaci\u00f3n en Caliente GoTaq\u00ae se suministra con el Buffer GoTaq\u00ae Flexi 5X Verde y el Buffer GoTaq\u00ae Flexi 5X Incoloro. Los buffers contienen un compuesto que aumenta la densidad de la muestra para que las muestras se hundan f\u00e1cilmente en las cavidades de un gel de agarosa. El buffer verde tambi\u00e9n contiene dos tintes (amarillo y azul) que se separan para permitir un monitoreo f\u00e1cil durante la electroforesis. Utilice el buffer de reacci\u00f3n verde para el an\u00e1lisis directo en gel despu\u00e9s de la amplificaci\u00f3n y el buffer de reacci\u00f3n incoloro para amplificaciones donde los tintes puedan interferir con el an\u00e1lisis posterior a la amplificaci\u00f3n, como pruebas de fluorescencia o absorbancia.<\/p>\n","protected":false},"excerpt":{"rendered":"<p><strong>PCR Robusto de Activaci\u00f3n en Caliente y Ajuste Conveniente a Temperatura Ambiente<\/strong><\/p>\n<ul>\n<li>El Taq de activaci\u00f3n en caliente minimiza la amplificaci\u00f3n no espec\u00edfica y la uni\u00f3n no espec\u00edfica de cebadores.<\/li>\n<li>Optimiza las condiciones de la reacci\u00f3n con el Buffer \u00abFlexi Reaction\u00bb y la soluci\u00f3n de MgCl2.<\/li>\n<li>La presentaci\u00f3n en gel facilita la aplicaci\u00f3n directa.<\/li>\n<li>Concentraci\u00f3n de 5 u\/uL.<\/li>\n<li>Presentaci\u00f3n en paquete de 500 u<\/li>\n<\/ul>\n","protected":false},"featured_media":1291508,"template":"","meta":{"inline_featured_image":false},"product_cat":[342],"product_tag":[371,369,370,379,372],"class_list":{"0":"post-1291506","1":"product","2":"type-product","3":"status-publish","4":"has-post-thumbnail","6":"product_cat-biotec","7":"product_tag-acidos-nucleicos","8":"product_tag-adn","9":"product_tag-arn","10":"product_tag-pcr","11":"product_tag-promega","13":"first","14":"instock","15":"shipping-taxable","16":"product-type-simple"},"_links":{"self":[{"href":"https:\/\/www.dilabsa.com\/es\/wp-json\/wp\/v2\/product\/1291506","targetHints":{"allow":["GET"]}}],"collection":[{"href":"https:\/\/www.dilabsa.com\/es\/wp-json\/wp\/v2\/product"}],"about":[{"href":"https:\/\/www.dilabsa.com\/es\/wp-json\/wp\/v2\/types\/product"}],"wp:featuredmedia":[{"embeddable":true,"href":"https:\/\/www.dilabsa.com\/es\/wp-json\/wp\/v2\/media\/1291508"}],"wp:attachment":[{"href":"https:\/\/www.dilabsa.com\/es\/wp-json\/wp\/v2\/media?parent=1291506"}],"wp:term":[{"taxonomy":"product_cat","embeddable":true,"href":"https:\/\/www.dilabsa.com\/es\/wp-json\/wp\/v2\/product_cat?post=1291506"},{"taxonomy":"product_tag","embeddable":true,"href":"https:\/\/www.dilabsa.com\/es\/wp-json\/wp\/v2\/product_tag?post=1291506"}],"curies":[{"name":"wp","href":"https:\/\/api.w.org\/{rel}","templated":true}]}}