{"id":1291510,"date":"2023-11-16T16:40:07","date_gmt":"2023-11-16T22:40:07","guid":{"rendered":"https:\/\/www.dilabsa.com\/es\/?post_type=product&#038;p=1291510"},"modified":"2023-11-17T16:20:26","modified_gmt":"2023-11-17T22:20:26","slug":"sistema-quantifluor-dsdna-consumible-para-el-cuantificador-quantus","status":"publish","type":"product","link":"https:\/\/www.dilabsa.com\/es\/producto\/sistema-quantifluor-dsdna-consumible-para-el-cuantificador-quantus\/","title":{"rendered":"Sistema QuantiFluor\u00ae dsDNA"},"content":{"rendered":"<p>El QuantiFluor\u00ae es un reactivo para la cuantificaci\u00f3n sensible de ADN de doble cadena en soluci\u00f3n. Este reactivo contiene un tinte fluorescente de uni\u00f3n al ADN que facilita la cuantificaci\u00f3n sensible de peque\u00f1as cantidades de ADN de doble cadena (dsDNA) en soluci\u00f3n.<\/p>\n<p>Aprende m\u00e1s sobre el sistema QuantiFluor\u00ae dsDNA siguiendo este link: <a href=\"https:\/\/worldwide.promega.com\/es-es\/products\/rna-analysis\/dna-and-rna-quantitation\/quantifluor-dsdna-system\/?catNum=E2670&amp;cs=y\" target=\"_blank\" rel=\"noopener\">QuantiFluor\u00ae dsDNA System (promega.com)<\/a><\/p>\n","protected":false},"excerpt":{"rendered":"<p><strong>Cuantificaci\u00f3n sensible de ADN de doble h\u00e9lice (dsDNA) en soluci\u00f3n<\/strong><\/p>\n<ul>\n<li>Cuantificaci\u00f3n espec\u00edfica de dsDNA<\/li>\n<li>Desempe\u00f1o superior para muestras de baja concentraci\u00f3n<\/li>\n<li>Consumible para el cuantificador Quantus<\/li>\n<li>Presentaci\u00f3n de 1 mL<\/li>\n<\/ul>\n","protected":false},"featured_media":1291511,"template":"","meta":{"inline_featured_image":false},"product_cat":[342],"product_tag":[371,369,373,380,372],"class_list":{"0":"post-1291510","1":"product","2":"type-product","3":"status-publish","4":"has-post-thumbnail","6":"product_cat-biotec","7":"product_tag-acidos-nucleicos","8":"product_tag-adn","9":"product_tag-cuantificacion","10":"product_tag-dsdna","11":"product_tag-promega","13":"first","14":"instock","15":"shipping-taxable","16":"product-type-simple"},"_links":{"self":[{"href":"https:\/\/www.dilabsa.com\/es\/wp-json\/wp\/v2\/product\/1291510","targetHints":{"allow":["GET"]}}],"collection":[{"href":"https:\/\/www.dilabsa.com\/es\/wp-json\/wp\/v2\/product"}],"about":[{"href":"https:\/\/www.dilabsa.com\/es\/wp-json\/wp\/v2\/types\/product"}],"wp:featuredmedia":[{"embeddable":true,"href":"https:\/\/www.dilabsa.com\/es\/wp-json\/wp\/v2\/media\/1291511"}],"wp:attachment":[{"href":"https:\/\/www.dilabsa.com\/es\/wp-json\/wp\/v2\/media?parent=1291510"}],"wp:term":[{"taxonomy":"product_cat","embeddable":true,"href":"https:\/\/www.dilabsa.com\/es\/wp-json\/wp\/v2\/product_cat?post=1291510"},{"taxonomy":"product_tag","embeddable":true,"href":"https:\/\/www.dilabsa.com\/es\/wp-json\/wp\/v2\/product_tag?post=1291510"}],"curies":[{"name":"wp","href":"https:\/\/api.w.org\/{rel}","templated":true}]}}