{"id":1292300,"date":"2025-10-13T11:58:58","date_gmt":"2025-10-13T17:58:58","guid":{"rendered":"https:\/\/www.dilabsa.com\/es\/?post_type=product&#038;p=1292300"},"modified":"2026-04-16T19:29:44","modified_gmt":"2026-04-17T01:29:44","slug":"colorimetro-portatil-dr300-para-cloro-libre-y-total-hach","status":"publish","type":"product","link":"https:\/\/www.dilabsa.com\/es\/producto\/colorimetro-portatil-dr300-para-cloro-libre-y-total-hach\/","title":{"rendered":"Color\u00edmetro port\u00e1til DR300 para cloro libre y total Hach"},"content":{"rendered":"<h1>Color\u00edmetro port\u00e1til DR300 para cloro libre y total Hach<\/h1>\n<p>El color\u00edmetro DR300 de Hach es un equipo port\u00e1til dise\u00f1ado para medici\u00f3n confiable de cloro libre y total. Ideal para aplicaciones en agua potable, piscinas y tratamiento de aguas.<br data-start=\"2645\" data-end=\"2648\" \/>Incluye malet\u00edn de transporte y permite resultados r\u00e1pidos con alta precisi\u00f3n, reduciendo errores humanos en comparaci\u00f3n con m\u00e9todos visuales.<\/p>\n<p>&nbsp;<\/p>\n<p><img fetchpriority=\"high\" decoding=\"async\" class=\"alignnone size-full wp-image-1292805\" src=\"http:\/\/www.dilabsa.com\/es\/wp-content\/uploads\/2025\/10\/LPV445.97.00110-700013_media__53478378_productimage.png\" alt=\"\" width=\"1000\" height=\"1000\" srcset=\"https:\/\/www.dilabsa.com\/es\/wp-content\/uploads\/2025\/10\/LPV445.97.00110-700013_media__53478378_productimage.png 1000w, https:\/\/www.dilabsa.com\/es\/wp-content\/uploads\/2025\/10\/LPV445.97.00110-700013_media__53478378_productimage-300x300.png 300w, https:\/\/www.dilabsa.com\/es\/wp-content\/uploads\/2025\/10\/LPV445.97.00110-700013_media__53478378_productimage-150x150.png 150w, https:\/\/www.dilabsa.com\/es\/wp-content\/uploads\/2025\/10\/LPV445.97.00110-700013_media__53478378_productimage-768x768.png 768w, https:\/\/www.dilabsa.com\/es\/wp-content\/uploads\/2025\/10\/LPV445.97.00110-700013_media__53478378_productimage-630x630.png 630w, https:\/\/www.dilabsa.com\/es\/wp-content\/uploads\/2025\/10\/LPV445.97.00110-700013_media__53478378_productimage-450x450.png 450w, https:\/\/www.dilabsa.com\/es\/wp-content\/uploads\/2025\/10\/LPV445.97.00110-700013_media__53478378_productimage-800x800.png 800w, https:\/\/www.dilabsa.com\/es\/wp-content\/uploads\/2025\/10\/LPV445.97.00110-700013_media__53478378_productimage-100x100.png 100w, https:\/\/www.dilabsa.com\/es\/wp-content\/uploads\/2025\/10\/LPV445.97.00110-700013_media__53478378_productimage-50x50.png 50w, https:\/\/www.dilabsa.com\/es\/wp-content\/uploads\/2025\/10\/LPV445.97.00110-700013_media__53478378_productimage-460x460.png 460w\" sizes=\"(max-width: 1000px) 100vw, 1000px\" \/> <img decoding=\"async\" class=\"alignnone size-full wp-image-1292806\" src=\"http:\/\/www.dilabsa.com\/es\/wp-content\/uploads\/2025\/10\/LPV445.97.00110-DR-300CL.jpg\" alt=\"\" width=\"500\" height=\"531\" srcset=\"https:\/\/www.dilabsa.com\/es\/wp-content\/uploads\/2025\/10\/LPV445.97.00110-DR-300CL.jpg 500w, https:\/\/www.dilabsa.com\/es\/wp-content\/uploads\/2025\/10\/LPV445.97.00110-DR-300CL-282x300.jpg 282w, https:\/\/www.dilabsa.com\/es\/wp-content\/uploads\/2025\/10\/LPV445.97.00110-DR-300CL-450x478.jpg 450w\" sizes=\"(max-width: 500px) 100vw, 500px\" \/><\/p>\n","protected":false},"excerpt":{"rendered":"<p>Color\u00edmetro port\u00e1til Hach para medici\u00f3n precisa de cloro libre y total en agua.<\/p>\n","protected":false},"featured_media":1292310,"template":"","meta":{"inline_featured_image":false},"product_cat":[317],"product_tag":[363,365,349],"class_list":{"0":"post-1292300","1":"product","2":"type-product","3":"status-publish","4":"has-post-thumbnail","6":"product_brand-hach","7":"product_cat-agua","8":"product_tag-cloro-libre","9":"product_tag-cloro-total","10":"product_tag-hach","12":"first","13":"instock","14":"featured","15":"shipping-taxable","16":"purchasable","17":"product-type-simple"},"_links":{"self":[{"href":"https:\/\/www.dilabsa.com\/es\/wp-json\/wp\/v2\/product\/1292300","targetHints":{"allow":["GET"]}}],"collection":[{"href":"https:\/\/www.dilabsa.com\/es\/wp-json\/wp\/v2\/product"}],"about":[{"href":"https:\/\/www.dilabsa.com\/es\/wp-json\/wp\/v2\/types\/product"}],"wp:featuredmedia":[{"embeddable":true,"href":"https:\/\/www.dilabsa.com\/es\/wp-json\/wp\/v2\/media\/1292310"}],"wp:attachment":[{"href":"https:\/\/www.dilabsa.com\/es\/wp-json\/wp\/v2\/media?parent=1292300"}],"wp:term":[{"taxonomy":"product_cat","embeddable":true,"href":"https:\/\/www.dilabsa.com\/es\/wp-json\/wp\/v2\/product_cat?post=1292300"},{"taxonomy":"product_tag","embeddable":true,"href":"https:\/\/www.dilabsa.com\/es\/wp-json\/wp\/v2\/product_tag?post=1292300"}],"curies":[{"name":"wp","href":"https:\/\/api.w.org\/{rel}","templated":true}]}}