{"id":1292327,"date":"2025-10-13T12:38:03","date_gmt":"2025-10-13T18:38:03","guid":{"rendered":"https:\/\/www.dilabsa.com\/es\/?post_type=product&#038;p=1292327"},"modified":"2025-10-15T11:36:30","modified_gmt":"2025-10-15T17:36:30","slug":"paquete-de-inicio-quantus-tm-ngs","status":"publish","type":"product","link":"https:\/\/www.dilabsa.com\/es\/producto\/paquete-de-inicio-quantus-tm-ngs\/","title":{"rendered":"Paquete de inicio quantus tm ngs"},"content":{"rendered":"<h1>Paquete de inicio del fluor\u00f3metro Quantus\u2122 y NGS<\/h1>\n<p>Cuantificaci\u00f3n de ADN y ARN sencilla y sensible<\/p>\n<p>Controles sencillos e intuitivos<\/p>\n<p>Listo para usar con colorantes QuantiFluor\u00ae<\/p>\n<p>Recomendado para secuenciaci\u00f3n de \u00faltima generaci\u00f3n<\/p>\n<p>Paquete completo disponible para instrumentaci\u00f3n y an\u00e1lisis integrados<\/p>\n<h2>Fluor\u00f3metro de un solo tubo, asequible y de alta sensibilidad<\/h2>\n<p>El fluor\u00f3metro Quantus\u2122 es un fluor\u00f3metro compacto de doble canal, dise\u00f1ado para proporcionar una detecci\u00f3n fluorescente de alta sensibilidad durante la cuantificaci\u00f3n de \u00e1cidos nucleicos. Est\u00e1 optimizado con ajustes preprogramados para los sistemas de colorantes Promega QuantiFluor\u00ae (sistemas QuantiFluor\u00ae dsDNA, RNA y ssDNA) para cuantificar \u00e1cidos nucleicos y ofrece la flexibilidad de crear m\u00e9todos y ajustes de cuantificaci\u00f3n personalizados para otros colorantes fluorescentes.<\/p>\n<p>32610784-Quantus-OverviewImage-2<\/p>\n<p>32610784-Quantus-CalloutImage-2<\/p>\n<h2>Caracter\u00edsticas<\/h2>\n<ul>\n<li>Controles sencillos e intuitivos.<\/li>\n<li>Calcula la concentraci\u00f3n autom\u00e1ticamente.<\/li>\n<li>Almacena las \u00faltimas 50 lecturas y transfiere datos en tiempo real. Recomendado para NGS y compatible con los sistemas Illumina (HiSeq\/miSeq), Roche (454) y LifeTech (ion Torrent e ion Proton).<\/li>\n<\/ul>\n<h3>N\u00famero 1: Dos canales fluorescentes:<\/h3>\n<p>Rojo: Ex: paso corto de 640 nm (longitudes de onda de hasta 640 nm); Em: 660\u2013720 nm<\/p>\n<p>Azul: Ex: paso corto de 495 nm (longitudes de onda de hasta 495 nm); Em: 510\u2013580 nm<\/p>\n<p>N\u00famero 2: Personalice f\u00e1cilmente los nombres de las muestras, visualice los resultados de concentraci\u00f3n, los valores brutos, los vol\u00famenes de muestra y realice un control de calidad.<\/p>\n<p>N\u00famero 3: Tama\u00f1o compacto: tan solo 22,7 x 11,5 x 4,5 cm<\/p>\n<p>N\u00famero 4: Gran pantalla de cristal l\u00edquido de 3 pulgadas<\/p>\n<h3>N\u00famero 5: Navegaci\u00f3n intuitiva<\/h3>\n<h1>Calibraci\u00f3n y medici\u00f3n de muestras<\/h1>\n<p>El proceso de calibraci\u00f3n elimina la necesidad de generar una curva est\u00e1ndar para cada conjunto de muestras desconocidas. Simplemente mida la fluorescencia de la muestra en blanco y del est\u00e1ndar que representa el punto m\u00e1s alto de la curva est\u00e1ndar. El fluor\u00f3metro Quantus\u2122 guarda los datos de calibraci\u00f3n para futuras mediciones.<\/p>\n<p>No se necesita una computadora para usar el fluor\u00f3metro Quantus\u2122; tras instalar el software gratuito Quantus\u2122, podr\u00e1 transferir autom\u00e1ticamente los resultados de cuantificaci\u00f3n del fluor\u00f3metro Quantus\u2122 a una computadora personal en tiempo real. Exporte los resultados f\u00e1cilmente a Microsoft\u00ae Excel.<\/p>\n<p>Con el respaldo de DILAB Cotiza directo llamando al PBX 2318-4000<\/p>\n","protected":false},"excerpt":{"rendered":"<p>Paquete de inicio quantus tm ngs<\/p>\n","protected":false},"featured_media":1292337,"template":"","meta":{"inline_featured_image":false},"product_cat":[342],"product_tag":[],"class_list":{"0":"post-1292327","1":"product","2":"type-product","3":"status-publish","4":"has-post-thumbnail","6":"product_cat-biotec","8":"first","9":"instock","10":"featured","11":"shipping-taxable","12":"product-type-simple"},"_links":{"self":[{"href":"https:\/\/www.dilabsa.com\/es\/wp-json\/wp\/v2\/product\/1292327","targetHints":{"allow":["GET"]}}],"collection":[{"href":"https:\/\/www.dilabsa.com\/es\/wp-json\/wp\/v2\/product"}],"about":[{"href":"https:\/\/www.dilabsa.com\/es\/wp-json\/wp\/v2\/types\/product"}],"wp:featuredmedia":[{"embeddable":true,"href":"https:\/\/www.dilabsa.com\/es\/wp-json\/wp\/v2\/media\/1292337"}],"wp:attachment":[{"href":"https:\/\/www.dilabsa.com\/es\/wp-json\/wp\/v2\/media?parent=1292327"}],"wp:term":[{"taxonomy":"product_cat","embeddable":true,"href":"https:\/\/www.dilabsa.com\/es\/wp-json\/wp\/v2\/product_cat?post=1292327"},{"taxonomy":"product_tag","embeddable":true,"href":"https:\/\/www.dilabsa.com\/es\/wp-json\/wp\/v2\/product_tag?post=1292327"}],"curies":[{"name":"wp","href":"https:\/\/api.w.org\/{rel}","templated":true}]}}