{"id":1292487,"date":"2025-10-13T14:45:27","date_gmt":"2025-10-13T20:45:27","guid":{"rendered":"https:\/\/www.dilabsa.com\/es\/?post_type=product&#038;p=1292487"},"modified":"2026-04-16T21:46:41","modified_gmt":"2026-04-17T03:46:41","slug":"embudo-ss-de-filtracion","status":"publish","type":"product","link":"https:\/\/www.dilabsa.com\/es\/producto\/embudo-ss-de-filtracion\/","title":{"rendered":"Embudo SS de filtraci\u00f3n"},"content":{"rendered":"","protected":false},"excerpt":{"rendered":"<p>Embudo SS de filtraci\u00f3n 300mL di\u00e1metro 7.5cm<\/p>\n","protected":false},"featured_media":1292496,"template":"","meta":{"inline_featured_image":false},"product_cat":[321],"product_tag":[],"class_list":{"0":"post-1292487","1":"product","2":"type-product","3":"status-publish","4":"has-post-thumbnail","6":"product_cat-micro","8":"first","9":"instock","10":"featured","11":"shipping-taxable","12":"product-type-simple"},"_links":{"self":[{"href":"https:\/\/www.dilabsa.com\/es\/wp-json\/wp\/v2\/product\/1292487","targetHints":{"allow":["GET"]}}],"collection":[{"href":"https:\/\/www.dilabsa.com\/es\/wp-json\/wp\/v2\/product"}],"about":[{"href":"https:\/\/www.dilabsa.com\/es\/wp-json\/wp\/v2\/types\/product"}],"wp:featuredmedia":[{"embeddable":true,"href":"https:\/\/www.dilabsa.com\/es\/wp-json\/wp\/v2\/media\/1292496"}],"wp:attachment":[{"href":"https:\/\/www.dilabsa.com\/es\/wp-json\/wp\/v2\/media?parent=1292487"}],"wp:term":[{"taxonomy":"product_cat","embeddable":true,"href":"https:\/\/www.dilabsa.com\/es\/wp-json\/wp\/v2\/product_cat?post=1292487"},{"taxonomy":"product_tag","embeddable":true,"href":"https:\/\/www.dilabsa.com\/es\/wp-json\/wp\/v2\/product_tag?post=1292487"}],"curies":[{"name":"wp","href":"https:\/\/api.w.org\/{rel}","templated":true}]}}