{"id":1292489,"date":"2025-10-13T14:45:31","date_gmt":"2025-10-13T20:45:31","guid":{"rendered":"https:\/\/www.dilabsa.com\/es\/?post_type=product&#038;p=1292489"},"modified":"2026-03-31T16:44:50","modified_gmt":"2026-03-31T22:44:50","slug":"tubo-al-vacio-con-e-d-t-a-de-plastico-5ml","status":"publish","type":"product","link":"https:\/\/www.dilabsa.com\/es\/producto\/tubo-al-vacio-con-e-d-t-a-de-plastico-5ml\/","title":{"rendered":"Tubo al vac\u00edo, con E.D.T.A. de pl\u00e1stico 5mL"},"content":{"rendered":"","protected":false},"excerpt":{"rendered":"<p>Tubo al vac\u00edo, con E.D.T.A. de pl\u00e1stico 5mL paquete de 100 marca Golden Vac<\/p>\n","protected":false},"featured_media":1292498,"template":"","meta":{"inline_featured_image":false},"product_cat":[356],"product_tag":[],"class_list":{"0":"post-1292489","1":"product","2":"type-product","3":"status-publish","4":"has-post-thumbnail","6":"product_brand-golden-vac","7":"product_cat-diagnostico","9":"first","10":"instock","11":"featured","12":"shipping-taxable","13":"purchasable","14":"product-type-simple"},"_links":{"self":[{"href":"https:\/\/www.dilabsa.com\/es\/wp-json\/wp\/v2\/product\/1292489","targetHints":{"allow":["GET"]}}],"collection":[{"href":"https:\/\/www.dilabsa.com\/es\/wp-json\/wp\/v2\/product"}],"about":[{"href":"https:\/\/www.dilabsa.com\/es\/wp-json\/wp\/v2\/types\/product"}],"wp:featuredmedia":[{"embeddable":true,"href":"https:\/\/www.dilabsa.com\/es\/wp-json\/wp\/v2\/media\/1292498"}],"wp:attachment":[{"href":"https:\/\/www.dilabsa.com\/es\/wp-json\/wp\/v2\/media?parent=1292489"}],"wp:term":[{"taxonomy":"product_cat","embeddable":true,"href":"https:\/\/www.dilabsa.com\/es\/wp-json\/wp\/v2\/product_cat?post=1292489"},{"taxonomy":"product_tag","embeddable":true,"href":"https:\/\/www.dilabsa.com\/es\/wp-json\/wp\/v2\/product_tag?post=1292489"}],"curies":[{"name":"wp","href":"https:\/\/api.w.org\/{rel}","templated":true}]}}