{"id":1292855,"date":"2026-05-01T15:18:52","date_gmt":"2026-05-01T21:18:52","guid":{"rendered":"https:\/\/www.dilabsa.com\/es\/?post_type=product&#038;p=1292855"},"modified":"2026-05-01T15:18:52","modified_gmt":"2026-05-01T21:18:52","slug":"analizador-multiespectral-portatil-para-verificacion-documental-vsc-nomax-foster-freeman","status":"publish","type":"product","link":"https:\/\/www.dilabsa.com\/es\/producto\/analizador-multiespectral-portatil-para-verificacion-documental-vsc-nomax-foster-freeman\/","title":{"rendered":"Analizador Multiespectral Port\u00e1til para Verificaci\u00f3n Documental VSC\u00ae NOMAX | Foster + Freeman"},"content":{"rendered":"<h1>Analizador Multiespectral Port\u00e1til para Verificaci\u00f3n Documental VSC\u00ae NOMAX | Foster + Freeman<\/h1>\n<h2 data-section-id=\"g1u4vj\" data-start=\"2124\" data-end=\"2204\">Tecnolog\u00eda port\u00e1til avanzada para autenticaci\u00f3n documental y an\u00e1lisis forense<\/h2>\n<p data-start=\"2206\" data-end=\"2503\">El <strong data-start=\"2209\" data-end=\"2223\">VSC\u00ae NOMAX<\/strong> de <span class=\"hover:entity-accent entity-underline inline cursor-pointer align-baseline\"><span class=\"whitespace-normal\">Foster + Freeman<\/span><\/span> es una herramienta port\u00e1til de inspecci\u00f3n documental desarrollada para profesionales que requieren <strong data-start=\"2364\" data-end=\"2502\">verificar r\u00e1pidamente la autenticidad de documentos de identidad, pasaportes, visas, licencias, certificados y documentos de seguridad<\/strong>.<\/p>\n<p data-start=\"2505\" data-end=\"2588\">Dise\u00f1ado para trabajo de campo y entornos din\u00e1micos, permite detectar evidencia de:<\/p>\n<p data-start=\"2590\" data-end=\"2827\">\u2714 alteraci\u00f3n documental<br data-start=\"2613\" data-end=\"2616\" \/>\u2714 manipulaci\u00f3n de tintas<br data-start=\"2640\" data-end=\"2643\" \/>\u2714 sustituci\u00f3n fotogr\u00e1fica<br data-start=\"2668\" data-end=\"2671\" \/>\u2714 falsificaci\u00f3n de seguridad impresa<br data-start=\"2707\" data-end=\"2710\" \/>\u2714 ausencia de elementos UV\/IR<br data-start=\"2739\" data-end=\"2742\" \/>\u2714 modificaciones mec\u00e1nicas o qu\u00edmicas<br data-start=\"2779\" data-end=\"2782\" \/>\u2714 inconsistencias de impresi\u00f3n o microtexto<\/p>\n<p data-start=\"2829\" data-end=\"2866\">\n<hr data-start=\"2868\" data-end=\"2871\" \/>\n<h2 data-section-id=\"16gks27\" data-start=\"2873\" data-end=\"2899\">Principales capacidades<\/h2>\n<h3 data-section-id=\"7v8qti\" data-start=\"2901\" data-end=\"2930\">Magnificaci\u00f3n avanzada<\/h3>\n<p data-start=\"2931\" data-end=\"2963\">Amplificaci\u00f3n visual digital de:<\/p>\n<ul data-start=\"2964\" data-end=\"2987\">\n<li data-section-id=\"15b6ci9\" data-start=\"2964\" data-end=\"2971\">10x<\/li>\n<li data-section-id=\"15d93v6\" data-start=\"2972\" data-end=\"2979\">20x<\/li>\n<li data-section-id=\"15cl6mr\" data-start=\"2980\" data-end=\"2987\">30x<\/li>\n<\/ul>\n<p data-start=\"2989\" data-end=\"3000\">Ideal para:<\/p>\n<ul data-start=\"3001\" data-end=\"3115\">\n<li data-section-id=\"q0ydb4\" data-start=\"3001\" data-end=\"3015\">microtexto<\/li>\n<li data-section-id=\"9mh7qn\" data-start=\"3016\" data-end=\"3039\">l\u00edneas de seguridad<\/li>\n<li data-section-id=\"eufltm\" data-start=\"3040\" data-end=\"3058\">grabados finos<\/li>\n<li data-section-id=\"182fk20\" data-start=\"3059\" data-end=\"3083\">fibras del documento<\/li>\n<li data-section-id=\"ztacqk\" data-start=\"3084\" data-end=\"3115\">patrones anti-falsificaci\u00f3n<\/li>\n<\/ul>\n<p data-start=\"3117\" data-end=\"3154\">\n<hr data-start=\"3156\" data-end=\"3159\" \/>\n<h3 data-section-id=\"bhp472\" data-start=\"3161\" data-end=\"3198\">5 modos de iluminaci\u00f3n forense<\/h3>\n<p data-start=\"3199\" data-end=\"3233\">Incluye iluminaci\u00f3n especializada:<\/p>\n<p data-start=\"3235\" data-end=\"3325\">\u2714 Luz blanca<br data-start=\"3247\" data-end=\"3250\" \/>\u2714 Luz oblicua lateral<br data-start=\"3271\" data-end=\"3274\" \/>\u2714 UV-A interna<br data-start=\"3288\" data-end=\"3291\" \/>\u2714 UV externa<br data-start=\"3303\" data-end=\"3306\" \/>\u2714 Infrarrojo (IR)<\/p>\n<p data-start=\"3327\" data-end=\"3343\">Permite revelar:<\/p>\n<ul data-start=\"3344\" data-end=\"3492\">\n<li data-section-id=\"6ne75s\" data-start=\"3344\" data-end=\"3374\">fluorescencia de seguridad<\/li>\n<li data-section-id=\"eupl0n\" data-start=\"3375\" data-end=\"3396\">tintas invisibles<\/li>\n<li data-section-id=\"etzg5g\" data-start=\"3397\" data-end=\"3410\">marcas UV<\/li>\n<li data-section-id=\"19j2hmo\" data-start=\"3411\" data-end=\"3439\">alteraciones manuscritas<\/li>\n<li data-section-id=\"1z0w8ey\" data-start=\"3440\" data-end=\"3468\">diferencias entre tintas<\/li>\n<li data-section-id=\"f6tatx\" data-start=\"3469\" data-end=\"3492\">impresiones ocultas<\/li>\n<\/ul>\n<p data-start=\"3494\" data-end=\"3531\">\n<hr data-start=\"3533\" data-end=\"3536\" \/>\n<h3 data-section-id=\"1twqxbw\" data-start=\"3538\" data-end=\"3581\">Captura y documentaci\u00f3n de evidencia<\/h3>\n<p data-start=\"3582\" data-end=\"3603\">El sistema incorpora:<\/p>\n<p data-start=\"3605\" data-end=\"3768\">\u2714 C\u00e1mara UV-IR sensible de 2 MP<br data-start=\"3636\" data-end=\"3639\" \/>\u2714 lente Live-Capture 12 mm<br data-start=\"3665\" data-end=\"3668\" \/>\u2714 almacenamiento interno (8 GB)<br data-start=\"3699\" data-end=\"3702\" \/>\u2714 exportaci\u00f3n de evidencia<br data-start=\"3728\" data-end=\"3731\" \/>\u2714 registro digital para expedientes<\/p>\n<p data-start=\"3770\" data-end=\"3807\">\n<hr data-start=\"3809\" data-end=\"3812\" \/>\n<h3 data-section-id=\"resudc\" data-start=\"3814\" data-end=\"3837\">Trabajo de campo<\/h3>\n<p data-start=\"3838\" data-end=\"3871\">Dise\u00f1ado para operaci\u00f3n port\u00e1til:<\/p>\n<p data-start=\"3873\" data-end=\"4024\">\u2714 bater\u00eda recargable 5000 mAh<br data-start=\"3902\" data-end=\"3905\" \/>\u2714 hasta 5 horas de autonom\u00eda<br data-start=\"3933\" data-end=\"3936\" \/>\u2714 pantalla t\u00e1ctil capacitiva 5&#8243;<br data-start=\"3967\" data-end=\"3970\" \/>\u2714 carga r\u00e1pida USB 3.0<br data-start=\"3992\" data-end=\"3995\" \/>\u2714 dise\u00f1o robusto tipo campo<\/p>\n<p data-start=\"4026\" data-end=\"4063\">\n<hr data-start=\"4065\" data-end=\"4068\" \/>\n<h2 data-section-id=\"15hl3vy\" data-start=\"4070\" data-end=\"4085\">Aplicaciones<\/h2>\n<p data-start=\"4086\" data-end=\"4097\">Ideal para:<\/p>\n<p data-start=\"4099\" data-end=\"4352\">\u2714 laboratorios de criminal\u00edstica<br data-start=\"4131\" data-end=\"4134\" \/>\u2714 polic\u00eda cient\u00edfica<br data-start=\"4154\" data-end=\"4157\" \/>\u2714 unidades de inteligencia documental<br data-start=\"4194\" data-end=\"4197\" \/>\u2714 migraci\u00f3n y fronteras<br data-start=\"4220\" data-end=\"4223\" \/>\u2714 aduanas<br data-start=\"4232\" data-end=\"4235\" \/>\u2714 seguridad aeroportuaria<br data-start=\"4260\" data-end=\"4263\" \/>\u2714 bancos y validaci\u00f3n KYC<br data-start=\"4288\" data-end=\"4291\" \/>\u2714 notar\u00edas \/ peritaje documental<br data-start=\"4323\" data-end=\"4326\" \/>\u2714 universidades forenses<\/p>\n<hr data-start=\"4354\" data-end=\"4357\" \/>\n<h2 data-section-id=\"1jokavo\" data-start=\"4359\" data-end=\"4387\">Especificaciones t\u00e9cnicas<\/h2>\n<p data-start=\"4388\" data-end=\"4753\"><strong data-start=\"4388\" data-end=\"4398\">Marca:<\/strong> Foster + Freeman<br data-start=\"4415\" data-end=\"4418\" \/><strong data-start=\"4418\" data-end=\"4429\">Modelo:<\/strong> VSC\u00ae NOMAX<br data-start=\"4440\" data-end=\"4443\" \/><strong data-start=\"4443\" data-end=\"4458\">Tecnolog\u00eda:<\/strong> inspecci\u00f3n multiespectral port\u00e1til<br data-start=\"4493\" data-end=\"4496\" \/><strong data-start=\"4496\" data-end=\"4514\">Magnificaci\u00f3n:<\/strong> hasta 30x<br data-start=\"4524\" data-end=\"4527\" \/><strong data-start=\"4527\" data-end=\"4552\">Modos de iluminaci\u00f3n:<\/strong> 5<br data-start=\"4554\" data-end=\"4557\" \/><strong data-start=\"4557\" data-end=\"4568\">C\u00e1mara:<\/strong> 2 MP UV-IR sensible<br data-start=\"4588\" data-end=\"4591\" \/><strong data-start=\"4591\" data-end=\"4604\">Pantalla:<\/strong> 5&#8243; touchscreen<br data-start=\"4619\" data-end=\"4622\" \/><strong data-start=\"4622\" data-end=\"4634\">Bater\u00eda:<\/strong> 5000 mAh<br data-start=\"4643\" data-end=\"4646\" \/><strong data-start=\"4646\" data-end=\"4660\">Autonom\u00eda:<\/strong> hasta 5 h<br data-start=\"4670\" data-end=\"4673\" \/><strong data-start=\"4673\" data-end=\"4692\">Almacenamiento:<\/strong> 8 GB<br data-start=\"4697\" data-end=\"4700\" \/><strong data-start=\"4700\" data-end=\"4717\">Conectividad:<\/strong> USB 3.0<br data-start=\"4725\" data-end=\"4728\" \/><strong data-start=\"4728\" data-end=\"4743\">Peso env\u00edo:<\/strong> 1.80 kg<\/p>\n<p data-start=\"4755\" data-end=\"4792\">\n","protected":false},"excerpt":{"rendered":"<p>El <strong data-start=\"1655\" data-end=\"1689\">VSC\u00ae NOMAX de Foster + Freeman<\/strong> es un sistema port\u00e1til de inspecci\u00f3n multiespectral dise\u00f1ado para la <strong data-start=\"1759\" data-end=\"1878\">autenticaci\u00f3n r\u00e1pida de documentos, detecci\u00f3n de falsificaciones y an\u00e1lisis de caracter\u00edsticas de seguridad ocultas<\/strong>. Combina iluminaci\u00f3n UV, IR, luz blanca, magnificaci\u00f3n de hasta 30x y captura de im\u00e1genes UV-IR para verificaci\u00f3n documental profesional en campo o laboratorio.<\/p>\n","protected":false},"featured_media":1292858,"template":"","meta":{"inline_featured_image":false},"product_cat":[464],"product_tag":[465,467,466],"class_list":{"0":"post-1292855","1":"product","2":"type-product","3":"status-publish","4":"has-post-thumbnail","6":"product_brand-foster-freeman","7":"product_cat-criminalistica-y-seguridad","8":"product_tag-criminalistica-documental","9":"product_tag-detector-de-documentos-falsos","10":"product_tag-equipo-forense-guatemala","12":"first","13":"instock","14":"shipping-taxable","15":"product-type-simple"},"_links":{"self":[{"href":"https:\/\/www.dilabsa.com\/es\/wp-json\/wp\/v2\/product\/1292855","targetHints":{"allow":["GET"]}}],"collection":[{"href":"https:\/\/www.dilabsa.com\/es\/wp-json\/wp\/v2\/product"}],"about":[{"href":"https:\/\/www.dilabsa.com\/es\/wp-json\/wp\/v2\/types\/product"}],"wp:featuredmedia":[{"embeddable":true,"href":"https:\/\/www.dilabsa.com\/es\/wp-json\/wp\/v2\/media\/1292858"}],"wp:attachment":[{"href":"https:\/\/www.dilabsa.com\/es\/wp-json\/wp\/v2\/media?parent=1292855"}],"wp:term":[{"taxonomy":"product_cat","embeddable":true,"href":"https:\/\/www.dilabsa.com\/es\/wp-json\/wp\/v2\/product_cat?post=1292855"},{"taxonomy":"product_tag","embeddable":true,"href":"https:\/\/www.dilabsa.com\/es\/wp-json\/wp\/v2\/product_tag?post=1292855"}],"curies":[{"name":"wp","href":"https:\/\/api.w.org\/{rel}","templated":true}]}}